{"id":411,"date":"2024-02-04T12:25:20","date_gmt":"2024-02-04T12:25:20","guid":{"rendered":"https:\/\/krankentransport-berlin.org\/?page_id=411"},"modified":"2024-02-04T12:27:41","modified_gmt":"2024-02-04T12:27:41","slug":"kostenuebernahme","status":"publish","type":"page","link":"https:\/\/krankentransport-berlin.org\/?page_id=411","title":{"rendered":"Kosten\u00fcbernahme"},"content":{"rendered":"\n<p><strong>Das Wichtigste in K\u00fcrze:<\/strong><\/p>\n\n\n\n<ul class=\"wp-block-list\">\n<li>Fahrten zu Arztpraxen oder&nbsp;Krankenh\u00e4usern k\u00f6nnen Kassenpatient:innen von der Kasse bezahlt bekommen.<\/li>\n\n\n\n<li>Daf\u00fcr brauchen Sie ein Rezept, das \u00c4rzte nur verordnen d\u00fcrfen, wenn die Fahrt medizinisch notwendig ist.<\/li>\n\n\n\n<li>F\u00fcr die Fahrt zu ambulanten oder station\u00e4ren Reha-Ma\u00dfnahmen gibt es keine Verordnung des Arztes. Fragen Sie dazu direkt bei Ihrer Krankenkasse nach.<\/li>\n\n\n\n<li>Patient:innen mit bestimmten Pflegegraden und Schwerbehinderungen k\u00f6nnen auch ohne vorherige Erlaubnis ihrer&nbsp;Krankenkasse ein Taxi nehmen und sich die Fahrkosten erstatten lassen.<\/li>\n<\/ul>\n\n\n\n<p>Die Krankenkassen \u00a0\u00fcbernehmen entsprechend die Kosten f\u00fcr Fahrten<\/p>\n\n\n\n<ul class=\"wp-block-list\">\n<li>zur Dialyse,<\/li>\n\n\n\n<li>zur onkologischen Chemo- oder Strahlentherapie sowie<\/li>\n\n\n\n<li>zur ambulanten Krankenbehandlung in besonderen Ausnahmef\u00e4llen &#8211; vor allem, wenn Sie\n<ul class=\"wp-block-list\">\n<li>sich h\u00e4ufig und \u00fcber einen l\u00e4ngeren Zeitraum behandeln lassen m\u00fcssen und die Bef\u00f6rderung zur Vermeidung von Sch\u00e4den an Leib und Leben unerl\u00e4sslich ist,<\/li>\n\n\n\n<li>zwar keinen Schwerbehindertenausweis mit dem Vermerk &#8222;aG&#8220;, &#8222;BI&#8220; oder &#8222;H&#8220; haben, aber genauso in Ihrer Mobilit\u00e4t eingeschr\u00e4nkt sind und die Behandlung \u00fcber einen l\u00e4ngeren Zeitraum notwendig ist.<\/li>\n<\/ul>\n<\/li>\n<\/ul>\n","protected":false},"excerpt":{"rendered":"<p>Das Wichtigste in K\u00fcrze: Die Krankenkassen \u00a0\u00fcbernehmen entsprechend die Kosten f\u00fcr Fahrten<\/p>\n","protected":false},"author":1,"featured_media":0,"parent":0,"menu_order":0,"comment_status":"closed","ping_status":"closed","template":"","meta":{"footnotes":""},"class_list":["post-411","page","type-page","status-publish","hentry"],"_links":{"self":[{"href":"https:\/\/krankentransport-berlin.org\/index.php?rest_route=\/wp\/v2\/pages\/411","targetHints":{"allow":["GET"]}}],"collection":[{"href":"https:\/\/krankentransport-berlin.org\/index.php?rest_route=\/wp\/v2\/pages"}],"about":[{"href":"https:\/\/krankentransport-berlin.org\/index.php?rest_route=\/wp\/v2\/types\/page"}],"author":[{"embeddable":true,"href":"https:\/\/krankentransport-berlin.org\/index.php?rest_route=\/wp\/v2\/users\/1"}],"replies":[{"embeddable":true,"href":"https:\/\/krankentransport-berlin.org\/index.php?rest_route=%2Fwp%2Fv2%2Fcomments&post=411"}],"version-history":[{"count":2,"href":"https:\/\/krankentransport-berlin.org\/index.php?rest_route=\/wp\/v2\/pages\/411\/revisions"}],"predecessor-version":[{"id":414,"href":"https:\/\/krankentransport-berlin.org\/index.php?rest_route=\/wp\/v2\/pages\/411\/revisions\/414"}],"wp:attachment":[{"href":"https:\/\/krankentransport-berlin.org\/index.php?rest_route=%2Fwp%2Fv2%2Fmedia&parent=411"}],"curies":[{"name":"wp","href":"https:\/\/api.w.org\/{rel}","templated":true}]}}