{"id":396,"date":"2024-01-31T13:37:30","date_gmt":"2024-01-31T13:37:30","guid":{"rendered":"https:\/\/krankentransport-berlin.org\/?page_id=396"},"modified":"2024-01-31T13:37:33","modified_gmt":"2024-01-31T13:37:33","slug":"strahlentherapie","status":"publish","type":"page","link":"https:\/\/krankentransport-berlin.org\/?page_id=396","title":{"rendered":"Strahlentherapie"},"content":{"rendered":"\n<p class=\"has-black-color has-text-color has-link-color wp-elements-97e5bc9f70a1a25958ac30094c3eaee4\">Fahrten zur Chemo- und zur Strahlentherapie werden von der Krankenkasse erstattet. Allerdings werden Zuzahlungen f\u00e4llig. Diese betragen zehn Prozent der Fahrtkosten: mindestens f\u00fcnf Euro und maximal zehn Euro pro Fahrt.<\/p>\n\n\n\n<p class=\"has-black-color has-text-color has-link-color wp-elements-825de028a8a45ba54900b57051f7aed2\">Fahrtkosten zu einer ambulanten Behandlung werden nur nach vorheriger Genehmigung der Krankenkasse \u00fcbernommen*. Die meisten Krankenkassen verlangen, dass die zwingende medizinische Notwendigkeit der Hin- und R\u00fcckfahrt sowie des Bef\u00f6rderungsmittels vom Arzt begr\u00fcndet wird. Wenn also die Fahrt zur Krankenbehandlung aus medizinischen Gr\u00fcnden nur mit Taxi oder Mietwagen m\u00f6glich ist, dann muss dies vom behandelnden Arzt schriftlich best\u00e4tigt werden. Vordrucke dazu sind in der Regel in Arztpraxen vorhanden.<\/p>\n\n\n\n<p class=\"has-black-color has-text-color has-link-color wp-elements-217a900f30bf2e154ee43b751b48a572\">Neben Kosten f\u00fcr Fahrten zur station\u00e4ren Behandlung k\u00f6nnen unter bestimmten Voraussetzungen auch Kosten f\u00fcr Fahrten zur ambulanten Behandlung \u00fcbernommen werden. Das betrifft zum Beispiel die Fahrten zur Strahlentherapie, zur Chemotherapie und zur ambulanten Dialysebehandlung.<\/p>\n","protected":false},"excerpt":{"rendered":"<p>Fahrten zur Chemo- und zur Strahlentherapie werden von der Krankenkasse erstattet. Allerdings werden Zuzahlungen f\u00e4llig. Diese betragen zehn Prozent der Fahrtkosten: mindestens f\u00fcnf Euro und maximal zehn Euro pro Fahrt. Fahrtkosten zu einer ambulanten Behandlung werden nur nach vorheriger Genehmigung der Krankenkasse \u00fcbernommen*. Die meisten Krankenkassen verlangen, dass die zwingende medizinische Notwendigkeit der Hin- und [&hellip;]<\/p>\n","protected":false},"author":1,"featured_media":398,"parent":0,"menu_order":0,"comment_status":"closed","ping_status":"closed","template":"","meta":{"footnotes":""},"class_list":["post-396","page","type-page","status-publish","has-post-thumbnail","hentry"],"_links":{"self":[{"href":"https:\/\/krankentransport-berlin.org\/index.php?rest_route=\/wp\/v2\/pages\/396","targetHints":{"allow":["GET"]}}],"collection":[{"href":"https:\/\/krankentransport-berlin.org\/index.php?rest_route=\/wp\/v2\/pages"}],"about":[{"href":"https:\/\/krankentransport-berlin.org\/index.php?rest_route=\/wp\/v2\/types\/page"}],"author":[{"embeddable":true,"href":"https:\/\/krankentransport-berlin.org\/index.php?rest_route=\/wp\/v2\/users\/1"}],"replies":[{"embeddable":true,"href":"https:\/\/krankentransport-berlin.org\/index.php?rest_route=%2Fwp%2Fv2%2Fcomments&post=396"}],"version-history":[{"count":1,"href":"https:\/\/krankentransport-berlin.org\/index.php?rest_route=\/wp\/v2\/pages\/396\/revisions"}],"predecessor-version":[{"id":399,"href":"https:\/\/krankentransport-berlin.org\/index.php?rest_route=\/wp\/v2\/pages\/396\/revisions\/399"}],"wp:featuredmedia":[{"embeddable":true,"href":"https:\/\/krankentransport-berlin.org\/index.php?rest_route=\/wp\/v2\/media\/398"}],"wp:attachment":[{"href":"https:\/\/krankentransport-berlin.org\/index.php?rest_route=%2Fwp%2Fv2%2Fmedia&parent=396"}],"curies":[{"name":"wp","href":"https:\/\/api.w.org\/{rel}","templated":true}]}}